{"id":920,"date":"2022-04-15T09:10:12","date_gmt":"2022-04-15T09:10:12","guid":{"rendered":"https:\/\/scvernouillet.fr\/?page_id=920"},"modified":"2022-04-30T17:37:04","modified_gmt":"2022-04-30T17:37:04","slug":"album-photos-de-nos-sorties","status":"publish","type":"page","link":"https:\/\/scvernouillet.fr\/?page_id=920","title":{"rendered":"Album de nos sorties"},"content":{"rendered":"\n<div class=\"wp-block-stackable-columns stk-block-columns stk-block stk-137068b\" data-block-id=\"137068b\"><div class=\"stk-row stk-inner-blocks stk-block-content stk-content-align stk-137068b-column\">\n<div class=\"wp-block-stackable-column stk-block-column stk-column stk-block stk-7e8dc47\" data-block-id=\"7e8dc47\"><div class=\"stk-column-wrapper stk-block-column__content stk-container stk-7e8dc47-container stk--no-background stk--no-padding\"><div class=\"stk-block-content stk-inner-blocks\">\n<div class=\"wp-block-stackable-icon-list stk-block-icon-list stk-block stk-eca750b\" data-block-id=\"eca750b\"><style>.stk-eca750b li{margin-bottom:10px !important}.stk-eca750b ul li{list-style-image:url('data:image\/svg+xml;base64,PHN2ZyB4bWxucz0iaHR0cDovL3d3dy53My5vcmcvMjAwMC9zdmciIHZpZXdCb3g9IjAgMCAxOTAgMTkwIiBzdHlsZT0iZmlsbDogIzAwMCAhaW1wb3J0YW50OyBjb2xvcjogIzAwMCAhaW1wb3J0YW50O3RyYW5zZm9ybTogcm90YXRlKGRlZykgIWltcG9ydGFudDsiPjxwb2x5Z29uIHBvaW50cz0iMTczLjgsMjguNCA2MC40LDE0MS44IDE1LjcsOTcuMiA1LjEsMTA3LjggNjAuNCwxNjMgMTg0LjQsMzkgMTczLjgsMjguNCIgZmlsbD0iIzAwMCIgc3Ryb2tlPSIjMDAwIiBzdHlsZT0iZmlsbDogcmdiKDAsIDAsIDApOyBzdHJva2U6IHJnYigwLCAwLCAwKTsiLz48L3N2Zz4=') !important}<\/style><ul><li><\/li><\/ul><\/div>\n<\/div><\/div><\/div>\n<\/div><\/div>\n\n\n\n<div class=\"wp-block-media-text alignwide is-stacked-on-mobile is-image-fill\" style=\"grid-template-columns:15% auto\"><figure class=\"wp-block-media-text__media\" style=\"background-image:url(https:\/\/scvernouillet.fr\/wp-content\/uploads\/2021\/12\/img9-169x300.jpg);background-position:50% 50%\"><img loading=\"lazy\" decoding=\"async\" width=\"169\" height=\"300\" src=\"https:\/\/scvernouillet.fr\/wp-content\/uploads\/2021\/12\/img9-169x300.jpg\" alt=\"\" class=\"wp-image-383 size-medium\" srcset=\"https:\/\/scvernouillet.fr\/wp-content\/uploads\/2021\/12\/img9-169x300.jpg 169w, https:\/\/scvernouillet.fr\/wp-content\/uploads\/2021\/12\/img9-576x1024.jpg 576w, https:\/\/scvernouillet.fr\/wp-content\/uploads\/2021\/12\/img9-768x1365.jpg 768w, https:\/\/scvernouillet.fr\/wp-content\/uploads\/2021\/12\/img9-864x1536.jpg 864w, https:\/\/scvernouillet.fr\/wp-content\/uploads\/2021\/12\/img9-1152x2048.jpg 1152w, https:\/\/scvernouillet.fr\/wp-content\/uploads\/2021\/12\/img9-scaled.jpg 1440w\" sizes=\"auto, (max-width: 169px) 100vw, 169px\" \/><\/figure><div class=\"wp-block-media-text__content\">\n<p class=\"has-large-font-size\"><a href=\"https:\/\/scvernouillet.fr\/?p=30\">Les photos de nos sorties<\/a><\/p>\n<\/div><\/div>\n\n\n\n<div class=\"wp-block-media-text alignwide is-stacked-on-mobile is-image-fill\" style=\"grid-template-columns:15% auto\"><figure class=\"wp-block-media-text__media\" style=\"background-image:url(https:\/\/scvernouillet.fr\/wp-content\/uploads\/2022\/04\/sylvain-13.jpeg);background-position:50% 50%\"><img loading=\"lazy\" decoding=\"async\" width=\"768\" height=\"1024\" src=\"https:\/\/scvernouillet.fr\/wp-content\/uploads\/2022\/04\/sylvain-13.jpeg\" alt=\"\" class=\"wp-image-911 size-medium\" srcset=\"https:\/\/scvernouillet.fr\/wp-content\/uploads\/2022\/04\/sylvain-13.jpeg 768w, https:\/\/scvernouillet.fr\/wp-content\/uploads\/2022\/04\/sylvain-13-225x300.jpeg 225w\" sizes=\"auto, (max-width: 768px) 100vw, 768px\" \/><\/figure><div class=\"wp-block-media-text__content\">\n<p class=\"has-large-font-size\"><a href=\"https:\/\/scvernouillet.fr\/?p=926\">Le d\u00e9part de Sylvain<\/a><\/p>\n<\/div><\/div>\n\n\n\n<div class=\"wp-block-media-text alignwide is-stacked-on-mobile is-image-fill\" style=\"grid-template-columns:15% auto\"><figure class=\"wp-block-media-text__media\" style=\"background-image:url(https:\/\/scvernouillet.fr\/wp-content\/uploads\/2022\/04\/WhatsApp-Image-2022-04-23-at-21.12.59-1.jpeg);background-position:50% 50%\"><img loading=\"lazy\" decoding=\"async\" width=\"768\" height=\"1024\" src=\"https:\/\/scvernouillet.fr\/wp-content\/uploads\/2022\/04\/WhatsApp-Image-2022-04-23-at-21.12.59-1.jpeg\" alt=\"\" class=\"wp-image-990 size-medium\" srcset=\"https:\/\/scvernouillet.fr\/wp-content\/uploads\/2022\/04\/WhatsApp-Image-2022-04-23-at-21.12.59-1.jpeg 768w, https:\/\/scvernouillet.fr\/wp-content\/uploads\/2022\/04\/WhatsApp-Image-2022-04-23-at-21.12.59-1-225x300.jpeg 225w\" sizes=\"auto, (max-width: 768px) 100vw, 768px\" \/><\/figure><div class=\"wp-block-media-text__content\">\n<p class=\"has-large-font-size\"><a href=\"https:\/\/scvernouillet.fr\/?p=1004\">Li\u00e8ge-bastogne-Li\u00e8ge<\/a><\/p>\n<\/div><\/div>\n\n\n\n<p><\/p>\n","protected":false},"excerpt":{"rendered":"<p>Les photos de nos sorties Le d\u00e9part de Sylvain Li\u00e8ge-bastogne-Li\u00e8ge<\/p>\n","protected":false},"author":1,"featured_media":0,"parent":0,"menu_order":0,"comment_status":"closed","ping_status":"closed","template":"","meta":{"_kadence_starter_templates_imported_post":false,"_kad_post_transparent":"","_kad_post_title":"","_kad_post_layout":"right","_kad_post_sidebar_id":"","_kad_post_content_style":"unboxed","_kad_post_vertical_padding":"hide","_kad_post_feature":"hide","_kad_post_feature_position":"","_kad_post_header":false,"_kad_post_footer":false,"footnotes":""},"class_list":["post-920","page","type-page","status-publish","hentry"],"_links":{"self":[{"href":"https:\/\/scvernouillet.fr\/index.php?rest_route=\/wp\/v2\/pages\/920","targetHints":{"allow":["GET"]}}],"collection":[{"href":"https:\/\/scvernouillet.fr\/index.php?rest_route=\/wp\/v2\/pages"}],"about":[{"href":"https:\/\/scvernouillet.fr\/index.php?rest_route=\/wp\/v2\/types\/page"}],"author":[{"embeddable":true,"href":"https:\/\/scvernouillet.fr\/index.php?rest_route=\/wp\/v2\/users\/1"}],"replies":[{"embeddable":true,"href":"https:\/\/scvernouillet.fr\/index.php?rest_route=%2Fwp%2Fv2%2Fcomments&post=920"}],"version-history":[{"count":8,"href":"https:\/\/scvernouillet.fr\/index.php?rest_route=\/wp\/v2\/pages\/920\/revisions"}],"predecessor-version":[{"id":1008,"href":"https:\/\/scvernouillet.fr\/index.php?rest_route=\/wp\/v2\/pages\/920\/revisions\/1008"}],"wp:attachment":[{"href":"https:\/\/scvernouillet.fr\/index.php?rest_route=%2Fwp%2Fv2%2Fmedia&parent=920"}],"curies":[{"name":"wp","href":"https:\/\/api.w.org\/{rel}","templated":true}]}}