{"id":742,"date":"2022-01-07T09:23:26","date_gmt":"2022-01-07T09:23:26","guid":{"rendered":"https:\/\/scvernouillet.fr\/?page_id=742"},"modified":"2022-04-05T15:54:49","modified_gmt":"2022-04-05T15:54:49","slug":"nos-partenaires","status":"publish","type":"page","link":"https:\/\/scvernouillet.fr\/?page_id=742","title":{"rendered":"Nos partenaires"},"content":{"rendered":"\n<div class=\"wp-block-media-text alignwide is-stacked-on-mobile\" style=\"grid-template-columns:18% auto\"><figure class=\"wp-block-media-text__media\"><img loading=\"lazy\" decoding=\"async\" width=\"200\" height=\"92\" src=\"https:\/\/scvernouillet.fr\/wp-content\/uploads\/2021\/12\/fenioux_multisports_header.png\" alt=\"\" class=\"wp-image-293 size-full\"\/><\/figure><div class=\"wp-block-media-text__content\">\n<p><strong>Produits di\u00e9t\u00e9tiques de l&#8217;effort.<\/strong><br>Plus de 100 r\u00e9f\u00e9rences produits pour la nutrition sportive et la di\u00e9t\u00e9tique (vitamines, compl\u00e9ments alimentaires, prot\u00e9ines, acides amines\u2026), ainsi que des dossiers et des conseils de sp\u00e9cialistes.<br><em>Remises pour le SCV voir dans &#8220;mon espace&#8221;.<\/em><br><a href=\"https:\/\/www.fenioux-multisports.com\">https:\/\/www.fenioux-multisports.com<\/a><\/p>\n<\/div><\/div>\n\n\n\n<p><\/p>\n","protected":false},"excerpt":{"rendered":"<p>Produits di\u00e9t\u00e9tiques de l&#8217;effort.Plus de 100 r\u00e9f\u00e9rences produits pour la nutrition sportive et la di\u00e9t\u00e9tique (vitamines, compl\u00e9ments alimentaires, prot\u00e9ines, acides amines\u2026), ainsi que des dossiers et des conseils de sp\u00e9cialistes.Remises pour le SCV voir dans &#8220;mon espace&#8221;.https:\/\/www.fenioux-multisports.com<\/p>\n","protected":false},"author":1,"featured_media":0,"parent":0,"menu_order":0,"comment_status":"closed","ping_status":"closed","template":"","meta":{"_kadence_starter_templates_imported_post":false,"_kad_post_transparent":"","_kad_post_title":"","_kad_post_layout":"right","_kad_post_sidebar_id":"","_kad_post_content_style":"unboxed","_kad_post_vertical_padding":"hide","_kad_post_feature":"hide","_kad_post_feature_position":"","_kad_post_header":false,"_kad_post_footer":false,"footnotes":""},"class_list":["post-742","page","type-page","status-publish","hentry"],"_links":{"self":[{"href":"https:\/\/scvernouillet.fr\/index.php?rest_route=\/wp\/v2\/pages\/742","targetHints":{"allow":["GET"]}}],"collection":[{"href":"https:\/\/scvernouillet.fr\/index.php?rest_route=\/wp\/v2\/pages"}],"about":[{"href":"https:\/\/scvernouillet.fr\/index.php?rest_route=\/wp\/v2\/types\/page"}],"author":[{"embeddable":true,"href":"https:\/\/scvernouillet.fr\/index.php?rest_route=\/wp\/v2\/users\/1"}],"replies":[{"embeddable":true,"href":"https:\/\/scvernouillet.fr\/index.php?rest_route=%2Fwp%2Fv2%2Fcomments&post=742"}],"version-history":[{"count":6,"href":"https:\/\/scvernouillet.fr\/index.php?rest_route=\/wp\/v2\/pages\/742\/revisions"}],"predecessor-version":[{"id":889,"href":"https:\/\/scvernouillet.fr\/index.php?rest_route=\/wp\/v2\/pages\/742\/revisions\/889"}],"wp:attachment":[{"href":"https:\/\/scvernouillet.fr\/index.php?rest_route=%2Fwp%2Fv2%2Fmedia&parent=742"}],"curies":[{"name":"wp","href":"https:\/\/api.w.org\/{rel}","templated":true}]}}