{"id":24,"date":"2021-12-17T16:27:47","date_gmt":"2021-12-17T16:27:47","guid":{"rendered":"https:\/\/scvernouillet.fr\/?page_id=24"},"modified":"2026-05-05T07:06:56","modified_gmt":"2026-05-05T07:06:56","slug":"bienvenue-sur-le-site-du-scv","status":"publish","type":"page","link":"https:\/\/scvernouillet.fr\/","title":{"rendered":"Bienvenue sur le site du SCV"},"content":{"rendered":"\n<p class=\"has-text-align-center has-theme-palette-3-color has-text-color\" style=\"font-size:24px\"><strong><em><span style=\"color: #ed0a0a;\" class=\"stk-highlight\"><\/span><span style=\"color: #ed0a0a;\" class=\"stk-highlight\"><\/span><\/em><\/strong><\/p>\n\n\n\n<p class=\"has-text-align-center has-theme-palette-3-color has-text-color\" style=\"font-size:24px\"><strong><em><span style=\"color: #ed0a0a;\" class=\"stk-highlight\"> <\/span><\/em><\/strong><\/p>\n\n\n<div class=\"wp-block-image\">\n<figure class=\"aligncenter size-full\"><img loading=\"lazy\" decoding=\"async\" width=\"1067\" height=\"802\" src=\"https:\/\/scvernouillet.fr\/wp-content\/uploads\/2026\/01\/Chavencon.png\" alt=\"\" class=\"wp-image-2276\" srcset=\"https:\/\/scvernouillet.fr\/wp-content\/uploads\/2026\/01\/Chavencon.png 1067w, https:\/\/scvernouillet.fr\/wp-content\/uploads\/2026\/01\/Chavencon-300x225.png 300w, https:\/\/scvernouillet.fr\/wp-content\/uploads\/2026\/01\/Chavencon-1024x770.png 1024w, https:\/\/scvernouillet.fr\/wp-content\/uploads\/2026\/01\/Chavencon-768x577.png 768w\" sizes=\"auto, (max-width: 1067px) 100vw, 1067px\" \/><\/figure><\/div>\n\n\n<p class=\"has-text-align-center has-theme-palette-2-color has-text-color\" style=\"font-size:29px\"><em><strong><span style=\"color: #222222;background-color: #e78e11\" class=\"stk-highlight\">Parcours du vendredi  8 Mai <\/span><\/strong><\/em><\/p>\n\n\n\n<p class=\"has-text-align-center has-theme-palette-2-color has-text-color\" style=\"font-size:29px\"><em><strong><span style=\"color: #101109;background-color: #d9d529\" class=\"stk-highlight\">d\u00e9part \u00e0 08H00 <\/span><\/strong><\/em><\/p>\n\n\n<div class=\"wp-block-image\">\n<figure class=\"aligncenter size-full\"><img loading=\"lazy\" decoding=\"async\" width=\"1230\" height=\"858\" src=\"https:\/\/scvernouillet.fr\/wp-content\/uploads\/2026\/04\/8-Mai-p.png\" alt=\"\" class=\"wp-image-2361\" srcset=\"https:\/\/scvernouillet.fr\/wp-content\/uploads\/2026\/04\/8-Mai-p.png 1230w, https:\/\/scvernouillet.fr\/wp-content\/uploads\/2026\/04\/8-Mai-p-300x209.png 300w, https:\/\/scvernouillet.fr\/wp-content\/uploads\/2026\/04\/8-Mai-p-1024x714.png 1024w, https:\/\/scvernouillet.fr\/wp-content\/uploads\/2026\/04\/8-Mai-p-768x536.png 768w\" sizes=\"auto, (max-width: 1230px) 100vw, 1230px\" \/><\/figure><\/div>\n\n\n<p class=\"has-text-align-center has-theme-palette-2-color has-text-color\" style=\"font-size:29px\"><strong><em>Rendez-vous tous les dimanches et jours f\u00e9ri\u00e9s <\/em><\/strong><\/p>\n\n\n\n<p class=\"has-text-align-center has-theme-palette-2-color has-text-color\" style=\"font-size:29px\"><strong><em>gare des Clairi\u00e8res 78480 VERNEUIL SUR SEINE<\/em><\/strong><\/p>\n\n\n\n<div class=\"wp-block-stackable-columns aligncenter stk-block-columns stk-block stk-3f5c4ba\" data-block-id=\"3f5c4ba\"><style>.stk-3f5c4ba {max-width:1500px !important;min-width:auto !important;margin-bottom:25px !important;}<\/style><div class=\"stk-row stk-inner-blocks stk-block-content stk-content-align stk-3f5c4ba-column\">\n<div class=\"wp-block-stackable-column stk-block-column stk-column stk-block stk-101c9d1\" data-v=\"4\" data-block-id=\"101c9d1\"><div class=\"stk-column-wrapper stk-block-column__content stk-container stk-101c9d1-container stk--no-background stk--no-padding\"><div class=\"stk-block-content stk-inner-blocks stk-101c9d1-inner-blocks\">\n<p style=\"font-size:18px\"><a href=\"https:\/\/scvernouillet.fr\/?p=51\">Documents adh\u00e9sion  SCV 2026<\/a><\/p>\n<\/div><\/div><\/div>\n<\/div><\/div>\n\n\n\n<p>Fond\u00e9e le 20\/12\/1976, la <strong><mark style=\"background-color:rgba(0, 0, 0, 0);color:#f9a306\" class=\"has-inline-color\">Section Cycliste de Vernouillet<\/mark> <\/strong>est un club de cyclotourisme affili\u00e9 \u00e0 la F\u00e9d\u00e9ration Fran\u00e7aise de Cyclotourisme <a href=\"https:\/\/ffvelo.fr\/ff-cyclotourisme\/\"><img loading=\"lazy\" decoding=\"async\" width=\"30\" height=\"30\" class=\"wp-image-646 aligntext\" style=\"width: 30px;\" src=\"https:\/\/scvernouillet.fr\/wp-content\/uploads\/2022\/01\/ffvelo-150x150-1-e1641290799795.jpeg\" alt=\"ffvelo\"><\/a>. Notre association compte aujourd\u2019hui une vingtaine de membres, et f\u00eatera ses 50 ans en 2026.<\/p>\n\n\n\n<div class=\"wp-block-stackable-text stk-block-text stk-block stk-1987b1c\" data-block-id=\"1987b1c\"><p class=\"stk-block-text__text\"><\/p><\/div>\n\n\n\n<div class=\"wp-block-media-text alignwide is-stacked-on-mobile\" style=\"grid-template-columns:41% auto\"><figure class=\"wp-block-media-text__media\"><img loading=\"lazy\" decoding=\"async\" width=\"768\" height=\"1024\" src=\"https:\/\/scvernouillet.fr\/wp-content\/uploads\/2026\/01\/LIJC5577-768x1024.jpg\" alt=\"\" class=\"wp-image-2289 size-full\" srcset=\"https:\/\/scvernouillet.fr\/wp-content\/uploads\/2026\/01\/LIJC5577-768x1024.jpg 768w, https:\/\/scvernouillet.fr\/wp-content\/uploads\/2026\/01\/LIJC5577-225x300.jpg 225w, https:\/\/scvernouillet.fr\/wp-content\/uploads\/2026\/01\/LIJC5577-1152x1536.jpg 1152w, https:\/\/scvernouillet.fr\/wp-content\/uploads\/2026\/01\/LIJC5577.jpg 1200w\" sizes=\"auto, (max-width: 768px) 100vw, 768px\" \/><\/figure><div class=\"wp-block-media-text__content\">\n<div class=\"wp-block-stackable-text stk-block-text stk-block stk-e4c28fe\" data-block-id=\"e4c28fe\"><style>.stk-e4c28fe {margin-bottom:79px !important;}<\/style><p class=\"stk-block-text__text\"><strong>Les groupes:<\/strong><br>il y a \u00e0 l&#8217;heure actuelle deux groupes de niveau. L&#8217;allure peut \u00eatre contemplative, sportive ou tr\u00e8s sportive.<\/p><\/div>\n\n\n\n<div class=\"wp-block-stackable-text stk-block-text stk-block stk-5b9bdb3\" data-block-id=\"5b9bdb3\"><style>.stk-5b9bdb3 {margin-bottom:72px !important;}<\/style><p class=\"stk-block-text__text\"><strong>Les parcours:<\/strong><br>Un circuit est propos\u00e9 chaque dimanche et jours f\u00e9ri\u00e9, avec une \u00e0 deux options. <br>Les parcours traversent alternativement, le Vexin et les Yvelines. Vous voulez d\u00e9couvrir les tr\u00e9sors cach\u00e9s de notre belle r\u00e9gion, aucune petite route ne nous est \u00e9trang\u00e8re. La monotonie, on conna\u00eet pas.<\/p><\/div>\n\n\n\n<div class=\"wp-block-stackable-text stk-block-text stk-block stk-844f48c\" data-block-id=\"844f48c\"><style>.stk-844f48c {margin-bottom:72px !important;}<\/style><p class=\"stk-block-text__text\"> <strong>Les circuits sont t\u00e9l\u00e9chargeables sur le site (fichier GPX). Acc\u00e8s limit\u00e9 aux adh\u00e9rents<\/strong>.<\/p><\/div>\n\n\n\n<div class=\"wp-block-stackable-text stk-block-text stk-block stk-b236660\" data-block-id=\"b236660\"><style>.stk-b236660 {margin-bottom:72px !important;}<\/style><p class=\"stk-block-text__text\"><\/p><\/div>\n\n\n\n<div class=\"wp-block-stackable-text stk-block-text stk-block stk-7c02b36\" data-block-id=\"7c02b36\"><p class=\"stk-block-text__text\"><strong><span style=\"color: #2f1dd0;\" class=\"stk-highlight\">Vous aimez les routes tranquilles, la nature, rejoignez nous !<\/span><\/strong><\/p><\/div>\n\n\n\n<div class=\"wp-block-stackable-text stk-block-text stk-block stk-4bbe04e\" data-block-id=\"4bbe04e\"><p class=\"stk-block-text__text\"><strong><span style=\"color: #2f1dd0;\" class=\"stk-highlight\">L&#8217;essayer c&#8217;est l&#8217;adopter.<\/span><\/strong><br><\/p><\/div>\n<\/div><\/div>\n\n\n\n<p><\/p>\n","protected":false},"excerpt":{"rendered":"<p>Parcours du vendredi 8 Mai d\u00e9part \u00e0 08H00 Rendez-vous tous les dimanches et jours f\u00e9ri\u00e9s gare des Clairi\u00e8res 78480 VERNEUIL SUR SEINE Documents adh\u00e9sion SCV 2026 Fond\u00e9e le 20\/12\/1976, la Section Cycliste de Vernouillet est un club de cyclotourisme affili\u00e9 \u00e0 la F\u00e9d\u00e9ration Fran\u00e7aise de Cyclotourisme . Notre association compte aujourd\u2019hui une vingtaine de membres,&#8230;<\/p>\n","protected":false},"author":1,"featured_media":25,"parent":0,"menu_order":0,"comment_status":"closed","ping_status":"closed","template":"","meta":{"_kadence_starter_templates_imported_post":false,"_kad_post_transparent":"","_kad_post_title":"","_kad_post_layout":"right","_kad_post_sidebar_id":"","_kad_post_content_style":"unboxed","_kad_post_vertical_padding":"","_kad_post_feature":"","_kad_post_feature_position":"","_kad_post_header":false,"_kad_post_footer":false,"footnotes":""},"class_list":["post-24","page","type-page","status-publish","has-post-thumbnail","hentry"],"_links":{"self":[{"href":"https:\/\/scvernouillet.fr\/index.php?rest_route=\/wp\/v2\/pages\/24","targetHints":{"allow":["GET"]}}],"collection":[{"href":"https:\/\/scvernouillet.fr\/index.php?rest_route=\/wp\/v2\/pages"}],"about":[{"href":"https:\/\/scvernouillet.fr\/index.php?rest_route=\/wp\/v2\/types\/page"}],"author":[{"embeddable":true,"href":"https:\/\/scvernouillet.fr\/index.php?rest_route=\/wp\/v2\/users\/1"}],"replies":[{"embeddable":true,"href":"https:\/\/scvernouillet.fr\/index.php?rest_route=%2Fwp%2Fv2%2Fcomments&post=24"}],"version-history":[{"count":166,"href":"https:\/\/scvernouillet.fr\/index.php?rest_route=\/wp\/v2\/pages\/24\/revisions"}],"predecessor-version":[{"id":2373,"href":"https:\/\/scvernouillet.fr\/index.php?rest_route=\/wp\/v2\/pages\/24\/revisions\/2373"}],"wp:featuredmedia":[{"embeddable":true,"href":"https:\/\/scvernouillet.fr\/index.php?rest_route=\/wp\/v2\/media\/25"}],"wp:attachment":[{"href":"https:\/\/scvernouillet.fr\/index.php?rest_route=%2Fwp%2Fv2%2Fmedia&parent=24"}],"curies":[{"name":"wp","href":"https:\/\/api.w.org\/{rel}","templated":true}]}}